{"id":114,"date":"2023-12-20T12:09:35","date_gmt":"2023-12-20T10:09:35","guid":{"rendered":"https:\/\/junttu.com\/?page_id=114"},"modified":"2025-11-29T09:42:16","modified_gmt":"2025-11-29T07:42:16","slug":"juha-junttu-cv","status":"publish","type":"page","link":"https:\/\/junttu.com\/fi\/juha-junttu-cv\/","title":{"rendered":"Juha Junttu CV"},"content":{"rendered":"\n<p><a href=\"#aanivalmentaja\">\u00c4\u00e4nivalmentaja<\/a>, <a href=\"#muusikko\">muusikko<\/a>,&nbsp;<a href=\"#saveltaja\">s\u00e4velt\u00e4j\u00e4<\/a>,&nbsp;<a href=\"#nayttelija\">n\u00e4yttelij\u00e4<\/a><\/p>\n\n\n\n<h2 class=\"wp-block-heading\" id=\"aanivalmentaja\">\u00c4\u00e4nivalmentaja<\/h2>\n\n\n\n<ul class=\"wp-block-list\">\n<li>Ylpeys &amp; ennakkoluulo (tavallaan) lauluvalmennus, ohj. Laura Mattila,  Tampereen ty\u00f6v\u00e4enteatteri 2025<\/li>\n\n\n\n<li>Kulttuuripaku lauluvalmennus, Teatteri Siperia 2023<\/li>\n\n\n\n<li>Paradox-musikaali lauluvalmennus, ohj. Christian Lindroos, Porin teatteri 2023<\/li>\n\n\n\n<li>Berliinin taivaan alla, ohj. Anne Rautiainen, Tampereen ty\u00f6v\u00e4enteatteri 2022<\/li>\n\n\n\n<li>Tunteellinen kone, ohj. Sanna Majanlahti, Kangasalan lukio 2022<\/li>\n\n\n\n<li>PUNK-n\u00e4ytelm\u00e4n lauluvalmennus, ohj. Marko J\u00e4rvikallas, Tampereen ty\u00f6v\u00e4enteatteri 2021<\/li>\n\n\n\n<li>CVT-workshop Rauman teatteri, 2021<\/li>\n\n\n\n<li>POIKAB\u00c4NDI-musikaali, ohj. Heikki Syrj\u00e4 ja Riku Suokas, Tampereen ty\u00f6v\u00e4enteatteri 2019<\/li>\n\n\n\n<li>KYL\u00c4-n\u00e4ytelm\u00e4, ohj. Marika Heiskanen ja Tuukka Huttunen, Teatteri Siperia 2018<\/li>\n\n\n\n<li>Suomen kaunein, ohj. Mikko Bredenberg, Teatteri Siperia\/Tampereen teatteri 2015<\/li>\n\n\n\n<li>Tampereen yliopiston n\u00e4yttelij\u00e4ty\u00f6nlaitos vieraileva lauluopettaja 2020-<\/li>\n\n\n\n<li>Suomen teatteriopisto lauluopetus ja \u00e4\u00e4nivalmennus 2015-<\/li>\n\n\n\n<li><a href=\"https:\/\/facebook.com\/Vocal-Coach-Junttu-1539332196113775\" target=\"_blank\" rel=\"noreferrer noopener\">CVT-vocalcoach<\/a> (FB)<\/li>\n<\/ul>\n\n\n\n<h2 class=\"wp-block-heading\" id=\"muusikko\">Muusikko<\/h2>\n\n\n\n<ul class=\"wp-block-list\">\n<li>PUNK-n\u00e4ytelm\u00e4n rumpali, ohj. Marko J\u00e4rvikallas, Tampereen ty\u00f6v\u00e4enteatteri 2021<\/li>\n\n\n\n<li>KYL\u00c4-n\u00e4ytelm\u00e4n konemuusikko, ohj. Tuukka Huttunen ja Marika Heiskanen, Teatteri Siperia 2018<\/li>\n\n\n\n<li>The Dumb Stuff, laulaja 2017-2020<\/li>\n\n\n\n<li>Suomen kaunein -n\u00e4ytelm\u00e4n kitaristi ja pianisti, ohj. Mikko Bredenberg, Teatteri Siperia\/Tampereen teatteri 2015<\/li>\n\n\n\n<li>Herra Hein\u00e4m\u00e4ki ja avaruusborkkana musikaalin pianisti ja kitaristi, Ahaa teatteri 2004<\/li>\n\n\n\n<li>Meno-paluu -teatteriesityksess\u00e4 kitaristi\/ly\u00f6m\u00e4soittaja\/didgeridoo\/laulaja 2003<\/li>\n\n\n\n<li>Kissat-misukaalin musiikin sovitus ja -harjoitus sek\u00e4 kiertuemuusikkona s\u00e4estys, Ahaa teatteri 2002-2003<\/li>\n\n\n\n<li>Buddy Holly Storyn Apollo-orkesterin basisti, Turun kaupunginteatteri 2000<\/li>\n\n\n\n<li>The Boogie Woogie Kings, kitaristi\/laulaja 1997-<\/li>\n\n\n\n<li>Soolotuotantoa vuodesta 1997<\/li>\n\n\n\n<li><a href=\"https:\/\/junttu.com\/fi\/the-body\/\">The Body<\/a>, laulaja\/kitaristi\/basisti 1995-<\/li>\n\n\n\n<li><a href=\"http:\/\/horsepower.band\/\">Horsepower<\/a>, laulaja\/kitaristi 1986-, lukuisia konserttikiertueita Suomessa ja Pohjoismaissa<\/li>\n<\/ul>\n\n\n\n<h3 class=\"wp-block-heading\">Levytykset<\/h3>\n\n\n\n<h4 class=\"wp-block-heading\">Albumit<\/h4>\n\n\n\n<ul class=\"wp-block-list\">\n<li>JUNTTU: Simple Songs To Give Away (Anyone?-records) 2025<\/li>\n\n\n\n<li>The Body: II (Anyone? Records 2013)&nbsp;<\/li>\n\n\n\n<li>The Body: Add only water (Poko rekords 1998)<\/li>\n\n\n\n<li class=\"has-small-font-size\"><a href=\"https:\/\/music.apple.com\/fi\/artist\/the-body\/1081959205\">Apple Music<\/a> <a href=\"https:\/\/open.spotify.com\/artist\/6a5WZXq3OxA7Q7hM36fR4F?si=Z6innR1hR4W5SEEJiSqB0Q\">Spotify<\/a><\/li>\n<\/ul>\n\n\n\n<ul class=\"wp-block-list\">\n<li><a href=\"https:\/\/junttu.com\/fi\/mr-rocknroll\/\">Junttu: Mr. Rock&#8217;n&#8217;Roll<\/a>&nbsp;(Anyone? Records 2013)<\/li>\n\n\n\n<li>Juha Junttu: Junttu (Poko rekords 1999)&nbsp;<\/li>\n\n\n\n<li class=\"has-small-font-size\"><a href=\"https:\/\/music.apple.com\/fi\/artist\/junttu\/522408487\" target=\"_blank\" rel=\"noreferrer noopener\">Apple Music<\/a>&nbsp;<a href=\"https:\/\/open.spotify.com\/artist\/3AJf4396gZdikeW7BRFuPJ?si=B47pP47WQay-V7FZ661Dgw\" target=\"_blank\" rel=\"noreferrer noopener\">Spotify<\/a><\/li>\n<\/ul>\n\n\n\n<ul class=\"wp-block-list\">\n<li>Horsepower: Loud and proud (Poko rekords 1994)<\/li>\n\n\n\n<li>Horsepower: Tall, terrific and trouble (Poko rekords 1993)<\/li>\n\n\n\n<li>Horsepower: Second Albummah (Poko rekords 1991)&nbsp;<\/li>\n\n\n\n<li>Horsepower: Virginity (Poko rekords 1989)&nbsp;<\/li>\n\n\n\n<li>Horsepower: Best offah (Poko rekords 2007)<\/li>\n\n\n\n<li class=\"has-small-font-size\"><a href=\"https:\/\/music.apple.com\/fi\/artist\/horsepower\/1412498768\" target=\"_blank\" rel=\"noreferrer noopener\">Apple Music<\/a>&nbsp;<a href=\"https:\/\/open.spotify.com\/artist\/6XmTEOO92VwBhjXnRPBZo4?si=dCgh9zDFQRinJJFwIpkStA\" target=\"_blank\" rel=\"noreferrer noopener\">Spotify<\/a><\/li>\n<\/ul>\n\n\n\n<h4 class=\"wp-block-heading\">Singlet<\/h4>\n\n\n\n<ul class=\"wp-block-list\">\n<li>JUNTTU: Yellowhouse (Anyone?-records 2025)<\/li>\n\n\n\n<li>JUNTTU: See Me (Anyone?-records 2025)<\/li>\n\n\n\n<li>JUNTTU: Jesus On The Plane (Anyone?-records 2025)<\/li>\n\n\n\n<li>Horsepower: Ride with the Devil (Bundesrockstar 2018)<\/li>\n\n\n\n<li>Horsepower: Bullet Train (Bundesrockstar 2018)<\/li>\n\n\n\n<li><a href=\"https:\/\/junttu.com\/fi\/aavekaupunki\/\" data-type=\"page\" data-id=\"14\">Junttu: Aavekaupunki<\/a>&nbsp;(Sound of Finland 2012)<\/li>\n\n\n\n<li><a href=\"https:\/\/junttu.com\/fi\/aallot\/\" data-type=\"page\" data-id=\"55\">Junttu: Aallot<\/a> (JJ Recordings 2010)<\/li>\n\n\n\n<li>Juha Junttu: Uuteen p\u00e4iv\u00e4\u00e4n \/ Siivet saan (Poko rekords 1999)<\/li>\n\n\n\n<li>Juha Junttu: Aurinkosuu (Poko rekords 1999)<\/li>\n\n\n\n<li>Horsepower: Keep It in the Family \/ Missing You \/ Rock Wife (fat Horsepower in Las Vegas) (Poko rekords 1992)<\/li>\n\n\n\n<li>Horsepower: T.N.T (Poko rekords 1991)<\/li>\n\n\n\n<li>Horsepower: A New Rose Every Day \/ Crawling on the Floor (horny version) \/ Dreamflight (Poko rekords 1990)<\/li>\n\n\n\n<li>Horsepower: Gloria \/ Forgotten Roads (Poko rekords 1990)<\/li>\n\n\n\n<li>Horsepower: Big Fat Mama \/ My Oh My (Poko rekords 1989)<\/li>\n\n\n\n<li>Horsepower: Bad Hearted Woman \/ Rosalie (Poko rekords 1989)<\/li>\n\n\n\n<li>Horsepower: Weekend Wizard \/ Motor of Love (Poko rekords 1988)<\/li>\n<\/ul>\n\n\n\n<h3 class=\"wp-block-heading\">Mukana my\u00f6s<\/h3>\n\n\n\n<ul class=\"wp-block-list\">\n<li>Missa Popularis (Alba Records 2019)<\/li>\n\n\n\n<li>Imandra (Maailma 2013)<\/li>\n\n\n\n<li>Virgo-musikaalin levy 1997<\/li>\n\n\n\n<li>Popeda: Hallelujaa, Poko rekords 1988<\/li>\n\n\n\n<li>Gasoline Girls And Petrol Boys: Seikkailu G-duurissa, Rockadillo 1990<\/li>\n<\/ul>\n\n\n\n<h2 class=\"wp-block-heading\" id=\"saveltaja\">S\u00e4velt\u00e4j\u00e4<\/h2>\n\n\n\n<ul class=\"wp-block-list\">\n<li>Supernormaalia tv-sarja, Yle 2023<\/li>\n\n\n\n<li>Kulttuuripaku esitys, ohj. ty\u00f6ryhm\u00e4, Teatteri Siperia 2023<\/li>\n\n\n\n<li>PUNK-n\u00e4ytelm\u00e4, ohj. Marko J\u00e4rvikallas, Tampereen ty\u00f6v\u00e4enteatteri 2021<\/li>\n\n\n\n<li>Pop Fiction &#8211; Tarinoita populaarikulttuurista, ohj. Otto Kanerva, TTT ja Iltama-tuotanto 2020<\/li>\n\n\n\n<li>KYL\u00c4, ohj. Tuukka Huttunen ja Marika Heiskanen, Kiisseli, Teatteri Siperia 2018<\/li>\n\n\n\n<li>Suomen kaunein, ohj. Mikko Bredenberg, Teatteri Siperia\/Tampereen teatteri 2015<\/li>\n\n\n\n<li>P\u00e4\u00e4 edell\u00e4 (kapellimestari), ohj. Anna-Elina Lyytik\u00e4inen, Teatteri Siperia 2010<\/li>\n\n\n\n<li>S\/S Odysseia, ohj\/koreog. Ari Numminen, tanssiteatteri Minimi 2006<\/li>\n\n\n\n<li>Rakkausjuttu, ohj. Iiris Kerosuo, Ahaa Teatteri 2005<\/li>\n\n\n\n<li>Maitoo, ohj.\/koreog. Mari Rosendal, tanssiteatteri Mobita\/Dansco 2004<\/li>\n\n\n\n<li>Koiratarhan karkurit, ohj\/koreog. Mari Rosendal, tanssiteatteri Mobita\/Dansco 2003<\/li>\n\n\n\n<li>Tuloja ja \u00e4kkil\u00e4ht\u00f6j\u00e4, ohj. Pekka Heikkinen, Ahaa Teatteri 2002<\/li>\n\n\n\n<li>360 Astetta, ohj. Mika Lehtinen, Ahaa Teatteri 2000<\/li>\n\n\n\n<li>Wilman Huone, ohj. Virpi Koskela, Ahaa Teatteri 2000<\/li>\n\n\n\n<li>Peter Pan, ohj. Mika Lehtinen, Oulun Kaupunginteatteri 1996<\/li>\n\n\n\n<li>Solar, Lyhytelokuva, ohj. Jarmo Lampela, Lasihelmi Filmi Oy 1995<\/li>\n\n\n\n<li>TV-sarja Iisi el\u00e4m\u00e4, ohj. J-P Koskiranta, TV2 1992<\/li>\n<\/ul>\n\n\n\n<h3 class=\"wp-block-heading\">Musiikin sovittajana<\/h3>\n\n\n\n<ul class=\"wp-block-list\">\n<li>Kulttuuripaku esitys, ohj. ty\u00f6ryhm\u00e4, Teatteri Siperia 2023<\/li>\n\n\n\n<li>Mieslive, ohj. Anna-Elina Lyytik\u00e4inen, Teatteri Siperia 2022<\/li>\n\n\n\n<li>PUNK-n\u00e4ytelm\u00e4, ohj. Marko J\u00e4rvikallas, Tampereen ty\u00f6v\u00e4enteatteri 2021<\/li>\n\n\n\n<li>Pop Fiction &#8211; Tarinoita populaarikulttuurista, ohj. Otto Kanerva, TTT ja Iltama-tuotanto 2020<\/li>\n\n\n\n<li>KYL\u00c4, ohj. Tuukka Huttunen ja Marika Heiskanen, Kiisseli, Teatteri Siperia 2018<\/li>\n\n\n\n<li>Suomen kaunein, ohj. Mikko Bredenberg, Teatteri Siperia\/Tampereen teatteri 2015<\/li>\n\n\n\n<li>P\u00e4\u00e4 edell\u00e4 (kapellimestari), ohj. Anna-Elina Lyytik\u00e4inen, Teatteri Siperia 2010<\/li>\n\n\n\n<li>S\/S Odysseia, ohj. Ari Numminen, tanssiteatteri Minimi, 2006<\/li>\n\n\n\n<li>Herra Hein\u00e4m\u00e4ki ja avaruusborkkana, ohj. Jamie-Ann M\u00e4kinen, Ahaa Teatteri 2004<\/li>\n\n\n\n<li>Meno-paluu, ohj Tommi Auvinen, Tampereen ty\u00f6v\u00e4en teatteri 2003<\/li>\n\n\n\n<li>Kissat\u2013musikaali, ohj. Mika Lehtinen, Ahaa Teatteri 2002&nbsp;<\/li>\n<\/ul>\n\n\n\n<h2 class=\"wp-block-heading\" id=\"nayttelija\">N\u00e4yttelij\u00e4<\/h2>\n\n\n\n<ul class=\"wp-block-list\">\n<li>Kulttuuripaku esitys, ohj. ty\u00f6ryhm\u00e4(Tuukka Huttunen, Juha Junttu ja Pekka Heikkinen), useita rooleja, Teatteri Siperia 2023<\/li>\n\n\n\n<li>PUNK-n\u00e4ytelm\u00e4, ohj. Marko J\u00e4rvikallas, useita rooleja, Tampereen ty\u00f6v\u00e4enteatteri 2021<\/li>\n\n\n\n<li>Pop Fiction &#8211; Tarinoita populaarikulttuurista, ohj. Otto Kanerva, TTT ja Iltama-tuotanto 2020<\/li>\n\n\n\n<li>Nahkatakkinen tytt\u00f6, ohj. Marietta Kunnas, Katan is\u00e4, TTT-teatteri 2020<\/li>\n\n\n\n<li>KYL\u00c4, ohj. Tuukka Huttunen ja Marika Heiskanen, Kiisseli, Teatteri Siperia 2018\u00a0(<a href=\"https:\/\/youtu.be\/49S2MLyBYfE\" target=\"_blank\" rel=\"noreferrer noopener\">Kyl\u00e4 &#8211; traileri<\/a>)<\/li>\n\n\n\n<li>Viulunsoittaja katolla, ohj. Miika Muranen, Konstaapeli, TTT-teatteri 2017&nbsp;(<a href=\"https:\/\/youtu.be\/Lr7iPOjZEo4\" target=\"_blank\" rel=\"noreferrer noopener\">Viulunsoittaja katolla -traileri<\/a>)<\/li>\n\n\n\n<li>Revyy &#8211; Suuri Valel\u00e4\u00e4k\u00e4rikirja I ja II, ohj. Antti Majanlahti, FAMOSO 2015 ja 2016\u00a0(<a href=\"https:\/\/youtu.be\/ZZEUwho2rnc\" target=\"_blank\" rel=\"noreferrer noopener\">Suuri valel\u00e4\u00e4k\u00e4rikirja &#8211; live<\/a>)<\/li>\n\n\n\n<li>Suomen kaunein, ohj. Mikko Bredenberg, Teatteri Siperia\/Tampereen teatteri 2015<\/li>\n\n\n\n<li>Five Guys Named Moe, ohj. Heikki Sankari, Kilo-Moe, Samppalinnan kes\u00e4teatteri 2013&nbsp;(<a href=\"https:\/\/youtu.be\/f0mqpjYJTH0\" target=\"_blank\" rel=\"noreferrer noopener\">Five Guys Named Moe &#8211; Viisi Veikkoa -Samppalinnan Kes\u00e4teatteri<\/a>)<\/li>\n\n\n\n<li>Delilah-musikaali, ohj. Tiina Br\u00e4nnare, Komisario Kotka, H\u00e4meenlinnan kaupunginteatteri 2012<\/li>\n\n\n\n<li>Juice-musikaali, ohj. Taava Hakala, Juice Leskinen, Teatteri Eurooppa nelj\u00e4 2011&nbsp;(<a href=\"https:\/\/youtu.be\/rrWt1peHjXQ\" target=\"_blank\" rel=\"noreferrer noopener\">Teatteri Eurooppa Nelj\u00e4 &#8211; KAKSOISEL\u00c4M\u00c4\u00c4<\/a>)<\/li>\n\n\n\n<li>Next to normal (original cast), ohj. Markku Nenonen, Dan, Helsingin kaupunginteatteri 2010-2011&nbsp;(<a href=\"https:\/\/youtu.be\/WJaTsfUeCYE\" target=\"_blank\" rel=\"noreferrer noopener\">Next To Normal &#8211; Studio Pasila \/ Helsinki City Theatre<\/a>)<\/li>\n\n\n\n<li>Cabaret, ohj. Tommi Auvinen, Helmut \/ varalla Seremoniamestari Tampereen teatteri 2008<\/li>\n\n\n\n<li>My fair lady, ohj. Mikko Viherjuuri, Hovimestari, Tampereen teatteri 2006<\/li>\n\n\n\n<li>Luistelijain kuningas, ohj. Maarit Py\u00f6k\u00e4ri, Jackson Haines, Kokkolan kaupunginteatteri 2005<\/li>\n\n\n\n<li>Reppu ja reissumies, ohj. Jukka M\u00e4kinen, Janne, Tampereen teatteri 2004<\/li>\n\n\n\n<li>H\u00e4ll\u00e4v\u00e4li\u00e4 revyy, Tanssiteatteri MD 2004<\/li>\n\n\n\n<li>Cyrano de Bergerac, ohj. Pentti Kotkanniemi, Tampereen teatteri 2004<\/li>\n\n\n\n<li>Buddy. The Bubby Holly -Story (original cast), ohj. Ville Sandqvist, Big Bobber, Turun kaupunginteatteri 2000<\/li>\n\n\n\n<li>Kek\u00e4 ny sit soittaa revyy, 2000<\/li>\n\n\n\n<li>Don Quijote, ohj. Tommi Auvinen, Anselmo, Tampereen ty\u00f6v\u00e4en teatteri 1999<\/li>\n\n\n\n<li>RENT (original cast), ohj. Nick Bye, Roger, Tampereen teatteri 1998<\/li>\n\n\n\n<li>Virgo &#8211; musikaali, ohj. Hiekki Paavilainen, Talonmies Laaksonen, Tampereen teatteri 1997&nbsp;(<a href=\"https:\/\/youtu.be\/-ZAyIe9OEtg\" target=\"_blank\" rel=\"noreferrer noopener\">Heeey-ey hey get down!<\/a>)<\/li>\n\n\n\n<li>Evita -musikaali, ohj. Tommi Auvinen, kertoja\/Che Tampereen teatteri 1995<\/li>\n\n\n\n<li>Veriveljet -musikaali(Original cast), ohj. Tommi Auvinen, Kertoja, Tampereen ty\u00f6v\u00e4en teatteri 1993<\/li>\n\n\n\n<li>Yerma, ohj. Timo Ojala, Tampereen teatteri 1992<\/li>\n\n\n\n<li>Lemmen seitsem\u00e4s taivas, ohj. Tapio Parkkinen, S\u00e4hk\u00f6asentaja Pasi Oksanen, Tampereen teatteri 1992<\/li>\n\n\n\n<li>Nuorempi veli, ohj. Jack Witikka , Jorre, Tampereen teatteri 1991<\/li>\n\n\n\n<li>Kes\u00e4y\u00f6n Uni. Ohj. Timo M\u00e4kinen, Oberon, H-tuotanto 1990<\/li>\n\n\n\n<li>Komedia meist\u00e4 ihmisist\u00e4, ohj. Eila Lappelainen, Tampereen teatteri 1990<\/li>\n\n\n\n<li>Viktorian husaari, kuoro\/avustaja, Tampereen ty\u00f6v\u00e4en teatteri, 1987<\/li>\n\n\n\n<li>Brel el\u00e4\u00e4, ohj. Timo M\u00e4kinen, Teatteri H-tuotanto 1989<\/li>\n\n\n\n<li>HAIR ohj. Timo M\u00e4kinen, George Berger, Teatteri H-tuotanto 1987<\/li>\n<\/ul>\n\n\n\n<h3 class=\"wp-block-heading\">Elokuva<\/h3>\n\n\n\n<ul class=\"wp-block-list\">\n<li>Fc Venus, ohj. Joona Tena, Eero, Talent house 2005<\/li>\n\n\n\n<li>Kohtalon kirja ohj. Tommi Lepola &amp; Tervo Molin, V\u00e4\u00e4peli Lepola, Timeless films&nbsp;2003<\/li>\n<\/ul>\n\n\n\n<h3 class=\"wp-block-heading\">Tv-ty\u00f6<\/h3>\n\n\n\n<ul class=\"wp-block-list\">\n<li>Supernormaalia tv-sarja, Jore, ohj. Rami Saarij\u00e4rvi Yle 2023<\/li>\n\n\n\n<li>Koskinen 4-kausi, tv-sarja, ohj. Tommi Lepola, 2022 <\/li>\n\n\n\n<li>Puutarhaunelmia tv-sarja, juontaja, ohj. Ria Karhila. Filmiteollisuus 2009<\/li>\n\n\n\n<li>Kalapuikkokeitto tv-sarja, ohj. Lenka Hellsted, Tane, TV2 1997<\/li>\n\n\n\n<li>Virgo musikaalin tv-taltiointi, TV2 1997<\/li>\n\n\n\n<li>Iisi el\u00e4m\u00e4 tv-sarja, ohj. J-P Koskiranta, TV2 1992<\/li>\n<\/ul>\n\n\n\n<p>Kontakti:&nbsp;<a href=\"mailto:juha&#64;&#106;u&#110;ttu&#46;com\">&#106;&#117;&#104;&#97;&#64;&#106;&#117;&#110;&#116;t&#117;&#46;&#99;&#111;m<\/a><\/p>\n","protected":false},"excerpt":{"rendered":"<p>Muusikko,\u00a0s\u00e4velt\u00e4j\u00e4,\u00a0n\u00e4yttelij\u00e4,\u00a0CVT laulunopettaja<\/p>\n","protected":false},"author":1,"featured_media":9,"parent":0,"menu_order":2,"comment_status":"closed","ping_status":"closed","template":"","meta":{"_locale":"fi","_original_post":"https:\/\/junttu.com\/?page_id=7","footnotes":""},"class_list":["post-114","page","type-page","status-publish","has-post-thumbnail","hentry","fi"],"_links":{"self":[{"href":"https:\/\/junttu.com\/wp-json\/wp\/v2\/pages\/114","targetHints":{"allow":["GET"]}}],"collection":[{"href":"https:\/\/junttu.com\/wp-json\/wp\/v2\/pages"}],"about":[{"href":"https:\/\/junttu.com\/wp-json\/wp\/v2\/types\/page"}],"author":[{"embeddable":true,"href":"https:\/\/junttu.com\/wp-json\/wp\/v2\/users\/1"}],"replies":[{"embeddable":true,"href":"https:\/\/junttu.com\/wp-json\/wp\/v2\/comments?post=114"}],"version-history":[{"count":0,"href":"https:\/\/junttu.com\/wp-json\/wp\/v2\/pages\/114\/revisions"}],"wp:featuredmedia":[{"embeddable":true,"href":"https:\/\/junttu.com\/wp-json\/wp\/v2\/media\/9"}],"wp:attachment":[{"href":"https:\/\/junttu.com\/wp-json\/wp\/v2\/media?parent=114"}],"curies":[{"name":"wp","href":"https:\/\/api.w.org\/{rel}","templated":true}]}}