{"id":165,"date":"2023-12-22T11:49:37","date_gmt":"2023-12-22T09:49:37","guid":{"rendered":"https:\/\/junttu.com\/?page_id=165"},"modified":"2024-10-11T10:22:59","modified_gmt":"2024-10-11T07:22:59","slug":"aallot","status":"publish","type":"page","link":"https:\/\/junttu.com\/fi\/aallot\/","title":{"rendered":"Junttu: Aallot"},"content":{"rendered":"<div class=\"wp-block-image\">\n<figure class=\"aligncenter size-full\"><img loading=\"lazy\" decoding=\"async\" width=\"954\" height=\"954\" src=\"https:\/\/junttu.com\/wp-content\/uploads\/2024\/02\/junttu-aallot.png\" alt=\"\" class=\"wp-image-237\" srcset=\"https:\/\/junttu.com\/wp-content\/uploads\/2024\/02\/junttu-aallot.png 954w, https:\/\/junttu.com\/wp-content\/uploads\/2024\/02\/junttu-aallot-500x500.png 500w, https:\/\/junttu.com\/wp-content\/uploads\/2024\/02\/junttu-aallot-300x300.png 300w, https:\/\/junttu.com\/wp-content\/uploads\/2024\/02\/junttu-aallot-768x768.png 768w\" sizes=\"auto, (max-width: 954px) 100vw, 954px\" \/><\/figure>\n<\/div>\n\n\n<ol class=\"wp-block-list\">\n<li>Aallot (radio edit)* 4:00<\/li>\n\n\n\n<li>Aallot (akustinen)* 4:00<\/li>\n\n\n\n<li>Aallot (kahvila edit)** 6:69<\/li>\n<\/ol>\n\n\n\n<p class=\"has-small-font-size\">* s\u00e4v, san, sov: J. Junttu<br>** sov: J. Junttu, Auvinen, Komulainen ja Rajala<\/p>\n\n\n\n<ul class=\"list-unstyled wp-block-list\">\n<li>Tuotanto: J. Junttu ja Tomi Pietil\u00e4 (TomFloor Production Oy)<\/li>\n\n\n\n<li>\u00c4\u00e4nitys: Tomi Pietil\u00e4 ja J. Junttu<\/li>\n\n\n\n<li>Miksaus ja masterointi: Tomi Pietil\u00e4<\/li>\n<\/ul>\n\n\n\n<ul class=\"list-unstyled wp-block-list\">\n<li>J. Junttu: Kitarat, laulut, perkussiot<\/li>\n\n\n\n<li>Jani Auvinen: rummut<\/li>\n\n\n\n<li>Okke Komulainen: Koskettimet<\/li>\n\n\n\n<li>Janne Rajala: basso<\/li>\n<\/ul>\n\n\n\n<ul class=\"list-unstyled wp-block-list\">\n<li>Kansitaide: Miska Wilhelmsson<\/li>\n\n\n\n<li>Valokuva: Aslak Junttu<\/li>\n<\/ul>\n\n\n<div class=\"wp-block-image\">\n<figure class=\"aligncenter size-medium_large\"><img loading=\"lazy\" decoding=\"async\" width=\"768\" height=\"768\" src=\"https:\/\/junttu.com\/wp-content\/uploads\/2024\/02\/junttu_aallot_takakansi-768x768.png\" alt=\"\" class=\"wp-image-238\" srcset=\"https:\/\/junttu.com\/wp-content\/uploads\/2024\/02\/junttu_aallot_takakansi-768x768.png 768w, https:\/\/junttu.com\/wp-content\/uploads\/2024\/02\/junttu_aallot_takakansi-500x500.png 500w, https:\/\/junttu.com\/wp-content\/uploads\/2024\/02\/junttu_aallot_takakansi-300x300.png 300w, https:\/\/junttu.com\/wp-content\/uploads\/2024\/02\/junttu_aallot_takakansi.png 850w\" sizes=\"auto, (max-width: 768px) 100vw, 768px\" \/><\/figure>\n<\/div>\n\n\n<div style=\"height:24px\" aria-hidden=\"true\" class=\"wp-block-spacer\"><\/div>\n\n\n<div class=\"wp-block-image is-style-default\">\n<figure class=\"aligncenter size-full is-resized\"><img loading=\"lazy\" decoding=\"async\" width=\"320\" height=\"355\" src=\"https:\/\/junttu.com\/wp-content\/uploads\/2024\/02\/jjrecordings.png\" alt=\"JJ Recordings logo\" class=\"wp-image-242\" style=\"width:150px;height:147px\" srcset=\"https:\/\/junttu.com\/wp-content\/uploads\/2024\/02\/jjrecordings.png 320w, https:\/\/junttu.com\/wp-content\/uploads\/2024\/02\/jjrecordings-270x300.png 270w\" sizes=\"auto, (max-width: 320px) 100vw, 320px\" \/><\/figure>\n<\/div>","protected":false},"excerpt":{"rendered":"<p>&#8221;Aallot&#8221; on Juntun single vuodelta 2010.<\/p>\n","protected":false},"author":1,"featured_media":227,"parent":0,"menu_order":0,"comment_status":"closed","ping_status":"closed","template":"","meta":{"_locale":"fi","_original_post":"https:\/\/junttu.com\/?page_id=55","footnotes":""},"class_list":["post-165","page","type-page","status-publish","has-post-thumbnail","hentry","fi"],"_links":{"self":[{"href":"https:\/\/junttu.com\/wp-json\/wp\/v2\/pages\/165","targetHints":{"allow":["GET"]}}],"collection":[{"href":"https:\/\/junttu.com\/wp-json\/wp\/v2\/pages"}],"about":[{"href":"https:\/\/junttu.com\/wp-json\/wp\/v2\/types\/page"}],"author":[{"embeddable":true,"href":"https:\/\/junttu.com\/wp-json\/wp\/v2\/users\/1"}],"replies":[{"embeddable":true,"href":"https:\/\/junttu.com\/wp-json\/wp\/v2\/comments?post=165"}],"version-history":[{"count":0,"href":"https:\/\/junttu.com\/wp-json\/wp\/v2\/pages\/165\/revisions"}],"wp:featuredmedia":[{"embeddable":true,"href":"https:\/\/junttu.com\/wp-json\/wp\/v2\/media\/227"}],"wp:attachment":[{"href":"https:\/\/junttu.com\/wp-json\/wp\/v2\/media?parent=165"}],"curies":[{"name":"wp","href":"https:\/\/api.w.org\/{rel}","templated":true}]}}