{"id":360,"date":"2025-07-15T18:42:51","date_gmt":"2025-07-15T15:42:51","guid":{"rendered":"https:\/\/junttu.com\/?page_id=360"},"modified":"2025-10-28T12:15:50","modified_gmt":"2025-10-28T10:15:50","slug":"kauppa-info","status":"publish","type":"page","link":"https:\/\/junttu.com\/fi\/store\/kauppa-info\/","title":{"rendered":"Tietoja kaupasta"},"content":{"rendered":"\n<h2 class=\"wp-block-heading\">Maksutavat<\/h2>\n\n\n\n<p>Maksut t\u00e4ss\u00e4 kaupassa suoritetaan&nbsp;<a href=\"https:\/\/stripe.com\/\" target=\"_blank\" rel=\"noreferrer noopener\">Stripell\u00e4,<\/a>&nbsp;jossa voit k\u00e4ytt\u00e4\u00e4 pankkikorttia, luottokorttia, Apple Payta, Google Payta, Mobile Payta jne. riippuen selaimestasi, laitteestasi ja maastasi.<\/p>\n\n\n\n<h2 class=\"wp-block-heading\">Toimituskulut<\/h2>\n\n\n\n<p>Toimitusmaksu 5 \u20ac lis\u00e4t\u00e4\u00e4n kassalla. Yli 40 \u20ac tilaukset <strong>sis\u00e4lt\u00e4v\u00e4t<\/strong> toimitusmaksut.<\/p>\n\n\n\n<h2 class=\"wp-block-heading\">Toimitukset<\/h2>\n\n\n\n<p>Tuotteet l\u00e4hetet\u00e4\u00e4n mahdollisimman pian ja ne toimitetaan Suomen Postin normaalilla nopeudella. Huomaa ero l\u00e4hett\u00e4misen ja toimituksen v\u00e4lill\u00e4. Saat yleens\u00e4 tilausvahvistuksen samana tai seuraavana ty\u00f6p\u00e4iv\u00e4n\u00e4.&nbsp;<\/p>\n\n\n\n<h2 class=\"wp-block-heading\">Palautukset<\/h2>\n\n\n\n<p>Kaikella on lakis\u00e4\u00e4teinen 14 p\u00e4iv\u00e4n vaihto- ja palautusoikeus. Palautusten osalta sinun on maksettava tavaroiden palautuspostitus itse. Ennen palautusta ota yhteytt\u00e4 s\u00e4hk\u00f6postitse (s&#116;ore&#64;j&#117;n&#116;&#116;&#117;&#46;com).<\/p>\n\n\n\n<h2 class=\"wp-block-heading\">Yksityisyys<\/h2>\n\n\n\n<p>Kauppa voi k\u00e4ytt\u00e4\u00e4 ostoskorin kannalta tarpeellisia ev\u00e4steit\u00e4. Maksupalvelu k\u00e4ytt\u00e4\u00e4 niit\u00e4 varmasti. Jos olet huolissasi yksityisyydest\u00e4si tai et vain pid\u00e4 ev\u00e4steist\u00e4, tarkista selaimesi asetukset.<\/p>\n\n\n\n<p>K\u00e4yt\u00e4mme antamiasi henkil\u00f6kohtaisia tietojasi tilaustesi toimittamiseen. Emme pid\u00e4 tietojasi sen enemp\u00e4\u00e4 ja poistamme yleens\u00e4 kaikki asiakasta koskevat tiedot mahdollisimman pian tapahtuman j\u00e4lkeen, joten jos aiot kysy\u00e4 meilt\u00e4, voisimmeko &#8221;l\u00e4hett\u00e4\u00e4 sinulle saman&#8221;, meill\u00e4 ei ole aavistustakaan, mist\u00e4 puhut.<\/p>\n","protected":false},"excerpt":{"rendered":"<p>Maksutavat Maksut t\u00e4ss\u00e4 kaupassa suoritetaan&nbsp;Stripell\u00e4,&nbsp;jossa voit k\u00e4ytt\u00e4\u00e4 pankkikorttia, luottokorttia, Apple Payta, Google Payta, Mobile Payta jne. riippuen selaimestasi, laitteestasi ja<a class=\"excerpt-read-more\" href=\"https:\/\/junttu.com\/fi\/store\/kauppa-info\/\" tabindex=\"-1\">&#8230;<\/a><\/p>\n","protected":false},"author":1,"featured_media":0,"parent":362,"menu_order":0,"comment_status":"closed","ping_status":"closed","template":"","meta":{"_locale":"fi","_original_post":"https:\/\/junttu.com\/?page_id=3","footnotes":""},"class_list":["post-360","page","type-page","status-publish","hentry","fi"],"_links":{"self":[{"href":"https:\/\/junttu.com\/wp-json\/wp\/v2\/pages\/360","targetHints":{"allow":["GET"]}}],"collection":[{"href":"https:\/\/junttu.com\/wp-json\/wp\/v2\/pages"}],"about":[{"href":"https:\/\/junttu.com\/wp-json\/wp\/v2\/types\/page"}],"author":[{"embeddable":true,"href":"https:\/\/junttu.com\/wp-json\/wp\/v2\/users\/1"}],"replies":[{"embeddable":true,"href":"https:\/\/junttu.com\/wp-json\/wp\/v2\/comments?post=360"}],"version-history":[{"count":0,"href":"https:\/\/junttu.com\/wp-json\/wp\/v2\/pages\/360\/revisions"}],"up":[{"embeddable":true,"href":"https:\/\/junttu.com\/wp-json\/wp\/v2\/pages\/362"}],"wp:attachment":[{"href":"https:\/\/junttu.com\/wp-json\/wp\/v2\/media?parent=360"}],"curies":[{"name":"wp","href":"https:\/\/api.w.org\/{rel}","templated":true}]}}