{"id":362,"date":"2025-07-15T18:46:49","date_gmt":"2025-07-15T15:46:49","guid":{"rendered":"https:\/\/junttu.com\/?page_id=362"},"modified":"2025-10-28T12:18:14","modified_gmt":"2025-10-28T10:18:14","slug":"store","status":"publish","type":"page","link":"https:\/\/junttu.com\/fi\/store\/","title":{"rendered":"Kauppa"},"content":{"rendered":"\n<div class=\"wp-block-group is-layout-flex wp-container-core-group-is-layout-87ee99ac wp-block-group-is-layout-flex\"><div class=\"wpsc_product\">    <div class=\"wp_cart_product_display_box_wrapper\">\n\t    <div class=\"wp_cart_product_display_box\">\n\t        <div class=\"wp_cart_product_thumbnail\">\n\t            <img decoding=\"async\" src=\"https:\/\/junttu.com\/wp-content\/uploads\/2025\/08\/simple-songs-to-give-away-vol-1-768x768.jpg\" alt=\"Junttu - Simple Songs to Give Away Vol. 1 - Cover image\">\t        <\/div>\n\t        <div class=\"wp_cart_product_display_bottom\">\n\t            <div class=\"wp_cart_product_name\">\n\t                Junttu &#8211; Simple Songs to Give Away Vol. 1\t            <\/div>\n\t            <div class=\"wp_cart_product_description\">\n\t\t            CD &#8211; 2025. Simple Songs to Give Away Vol. 1 esittelee koskettavaa laulua, vahvoja melodioita ja akustisia sovituksia. Kappaleet muodostavat rehellisen, kauniin ja persoonallisen kokonaisuuden, jolla kuulija p\u00e4\u00e4see osaksi elokuvallista kokemusta.\t            <\/div>\n                <div class=\"wp_cart_product_price\">\n\t                15,00&nbsp;\u20ac\t            <\/div>\n                <div class=\"wp_cart_product_button\">\n\t                <div class=\"wp_cart_button_wrapper\"><form method=\"post\" class=\"wp-cart-button-form\" action=\"\" style=\"display:inline\" onsubmit=\"return ReadForm(this, true);\" id=\"RKdbQb\"><input type=\"hidden\" id=\"_wpnonce\" name=\"_wpnonce\" value=\"cfe5fc93d2\" \/><input type=\"hidden\" name=\"_wp_http_referer\" value=\"\/fi\/wp-json\/wp\/v2\/pages\/362\" \/><input type=\"submit\" class=\"wspsc_add_cart_submit\" name=\"wspsc_add_cart_submit\" value=\"Lisää ostoskoriin\" \/><input type=\"hidden\" name=\"wspsc_product\" value=\"Junttu - Simple Songs to Give Away Vol. 1\" \/><input type=\"hidden\" name=\"price\" value=\"15\" \/><input type=\"hidden\" name=\"shipping\" value=\"0.0001\" \/><input type=\"hidden\" name=\"addcart\" value=\"1\" \/><input type=\"hidden\" name=\"cartLink\" value=\"https:\/\/junttu.com\/fi\/wp-json\/wp\/v2\/pages\/362\" \/><input type=\"hidden\" name=\"product_tmp\" value=\"Junttu - Simple Songs to Give Away Vol. 1\" \/><input type=\"hidden\" name=\"product_tmp_two\" value=\"Junttu - Simple Songs to Give Away Vol. 1\" \/><input type=\"hidden\" name=\"item_number\" value=\"\" \/><input type=\"hidden\" name=\"thumbnail\" value=\"https:\/\/junttu.com\/wp-content\/uploads\/2025\/08\/simple-songs-to-give-away-vol-1-768x768.jpg\" \/><div class=\"wpsc_add_cart_response_div\"><\/div><\/form><\/div>                <\/div>\n            <\/div>\n\t    <\/div>\n    <\/div>\n\t<\/div>\n\n<div class=\"wpsc_product\">    <div class=\"wp_cart_product_display_box_wrapper\">\n\t    <div class=\"wp_cart_product_display_box\">\n\t        <div class=\"wp_cart_product_thumbnail\">\n\t            <img decoding=\"async\" src=\"https:\/\/junttu.com\/wp-content\/uploads\/2022\/10\/The-Body-II-500x500.webp\" alt=\"The Body - II\">\t        <\/div>\n\t        <div class=\"wp_cart_product_display_bottom\">\n\t            <div class=\"wp_cart_product_name\">\n\t                The Body &#8211; II\t            <\/div>\n\t            <div class=\"wp_cart_product_description\">\n\t\t            CD &#8211; 2013\t            <\/div>\n                <div class=\"wp_cart_product_price\">\n\t                10,00&nbsp;\u20ac\t            <\/div>\n                <div class=\"wp_cart_product_button\">\n\t                <div class=\"wp_cart_button_wrapper\"><form method=\"post\" class=\"wp-cart-button-form\" action=\"\" style=\"display:inline\" onsubmit=\"return ReadForm(this, true);\" id=\"ZFvPNK\"><input type=\"hidden\" id=\"_wpnonce\" name=\"_wpnonce\" value=\"cfe5fc93d2\" \/><input type=\"hidden\" name=\"_wp_http_referer\" value=\"\/fi\/wp-json\/wp\/v2\/pages\/362\" \/><input type=\"submit\" class=\"wspsc_add_cart_submit\" name=\"wspsc_add_cart_submit\" value=\"Lisää ostoskoriin\" \/><input type=\"hidden\" name=\"wspsc_product\" value=\"The Body - II\" \/><input type=\"hidden\" name=\"price\" value=\"10\" \/><input type=\"hidden\" name=\"shipping\" value=\"0.0001\" \/><input type=\"hidden\" name=\"addcart\" value=\"1\" \/><input type=\"hidden\" name=\"cartLink\" value=\"https:\/\/junttu.com\/fi\/wp-json\/wp\/v2\/pages\/362\" \/><input type=\"hidden\" name=\"product_tmp\" value=\"The Body - II\" \/><input type=\"hidden\" name=\"product_tmp_two\" value=\"The Body - II\" \/><input type=\"hidden\" name=\"item_number\" value=\"\" \/><input type=\"hidden\" name=\"thumbnail\" value=\"https:\/\/junttu.com\/wp-content\/uploads\/2022\/10\/The-Body-II-500x500.webp\" \/><div class=\"wpsc_add_cart_response_div\"><\/div><\/form><\/div>                <\/div>\n            <\/div>\n\t    <\/div>\n    <\/div>\n\t<\/div>\n\n<div class=\"wpsc_product\">    <div class=\"wp_cart_product_display_box_wrapper\">\n\t    <div class=\"wp_cart_product_display_box\">\n\t        <div class=\"wp_cart_product_thumbnail\">\n\t            <img decoding=\"async\" src=\"https:\/\/junttu.com\/wp-content\/uploads\/2022\/10\/the_body-add_only_water_.webp\" alt=\"The Body - Add Only Water\">\t        <\/div>\n\t        <div class=\"wp_cart_product_display_bottom\">\n\t            <div class=\"wp_cart_product_name\">\n\t                The Body &#8211; Add Only Water\t            <\/div>\n\t            <div class=\"wp_cart_product_description\">\n\t\t            CD &#8211; 1999\t            <\/div>\n                <div class=\"wp_cart_product_price\">\n\t                10,00&nbsp;\u20ac\t            <\/div>\n                <div class=\"wp_cart_product_button\">\n\t                <div class=\"wp_cart_button_wrapper\"><form method=\"post\" class=\"wp-cart-button-form\" action=\"\" style=\"display:inline\" onsubmit=\"return ReadForm(this, true);\" id=\"WHZojL\"><input type=\"hidden\" id=\"_wpnonce\" name=\"_wpnonce\" value=\"cfe5fc93d2\" \/><input type=\"hidden\" name=\"_wp_http_referer\" value=\"\/fi\/wp-json\/wp\/v2\/pages\/362\" \/><input type=\"submit\" class=\"wspsc_add_cart_submit\" name=\"wspsc_add_cart_submit\" value=\"Lisää ostoskoriin\" \/><input type=\"hidden\" name=\"wspsc_product\" value=\"The Body - Add Only Water\" \/><input type=\"hidden\" name=\"price\" value=\"10\" \/><input type=\"hidden\" name=\"shipping\" value=\"0.0001\" \/><input type=\"hidden\" name=\"addcart\" value=\"1\" \/><input type=\"hidden\" name=\"cartLink\" value=\"https:\/\/junttu.com\/fi\/wp-json\/wp\/v2\/pages\/362\" \/><input type=\"hidden\" name=\"product_tmp\" value=\"The Body - Add Only Water\" \/><input type=\"hidden\" name=\"product_tmp_two\" value=\"The Body - Add Only Water\" \/><input type=\"hidden\" name=\"item_number\" value=\"\" \/><input type=\"hidden\" name=\"thumbnail\" value=\"https:\/\/junttu.com\/wp-content\/uploads\/2022\/10\/the_body-add_only_water_.webp\" \/><div class=\"wpsc_add_cart_response_div\"><\/div><\/form><\/div>                <\/div>\n            <\/div>\n\t    <\/div>\n    <\/div>\n\t<\/div>\n\n<div class=\"wpsc_product\">    <div class=\"wp_cart_product_display_box_wrapper\">\n\t    <div class=\"wp_cart_product_display_box\">\n\t        <div class=\"wp_cart_product_thumbnail\">\n\t            <img decoding=\"async\" src=\"https:\/\/junttu.com\/wp-content\/uploads\/2022\/10\/junttu-mr-rnr-kansi.webp\" alt=\"Junttu - Mr. Rock&#039;n&#039;Roll\">\t        <\/div>\n\t        <div class=\"wp_cart_product_display_bottom\">\n\t            <div class=\"wp_cart_product_name\">\n\t                Junttu &#8211; Mr. Rock&#039;n&#039;Roll\t            <\/div>\n\t            <div class=\"wp_cart_product_description\">\n\t\t            CD &#8211; suomenkielinen sooloalbumi vuodelta 2013\t            <\/div>\n                <div class=\"wp_cart_product_price\">\n\t                10,00&nbsp;\u20ac\t            <\/div>\n                <div class=\"wp_cart_product_button\">\n\t                <div class=\"wp_cart_button_wrapper\"><form method=\"post\" class=\"wp-cart-button-form\" action=\"\" style=\"display:inline\" onsubmit=\"return ReadForm(this, true);\" id=\"rpulnM\"><input type=\"hidden\" id=\"_wpnonce\" name=\"_wpnonce\" value=\"cfe5fc93d2\" \/><input type=\"hidden\" name=\"_wp_http_referer\" value=\"\/fi\/wp-json\/wp\/v2\/pages\/362\" \/><input type=\"submit\" class=\"wspsc_add_cart_submit\" name=\"wspsc_add_cart_submit\" value=\"Lisää ostoskoriin\" \/><input type=\"hidden\" name=\"wspsc_product\" value=\"Junttu - Mr. Rock&#039;n&#039;Roll\" \/><input type=\"hidden\" name=\"price\" value=\"10\" \/><input type=\"hidden\" name=\"shipping\" value=\"0.0001\" \/><input type=\"hidden\" name=\"addcart\" value=\"1\" \/><input type=\"hidden\" name=\"cartLink\" value=\"https:\/\/junttu.com\/fi\/wp-json\/wp\/v2\/pages\/362\" \/><input type=\"hidden\" name=\"product_tmp\" value=\"Junttu - Mr. Rock&#039;n&#039;Roll\" \/><input type=\"hidden\" name=\"product_tmp_two\" value=\"Junttu - Mr. Rock&#039;n&#039;Roll\" \/><input type=\"hidden\" name=\"item_number\" value=\"\" \/><input type=\"hidden\" name=\"thumbnail\" value=\"https:\/\/junttu.com\/wp-content\/uploads\/2022\/10\/junttu-mr-rnr-kansi.webp\" \/><div class=\"wpsc_add_cart_response_div\"><\/div><\/form><\/div>                <\/div>\n            <\/div>\n\t    <\/div>\n    <\/div>\n\t<\/div><\/div>\n\n\n\n<div style=\"height:36px\" aria-hidden=\"true\" class=\"wp-block-spacer\"><\/div>\n\n\n\n<div class=\"wp-block-group is-layout-grid wp-container-core-group-is-layout-baef362d wp-block-group-is-layout-grid\">\n<p class=\"has-small-font-size wp-container-content-5e2576f9\">Toimituskulu 5&nbsp;\u20ac lis\u00e4t\u00e4\u00e4n kassalla. Yli 40&nbsp;\u20ac tilaukset sis\u00e4lt\u00e4v\u00e4t toimituskulut.<\/p>\n\n\n\n<p class=\"has-small-font-size wp-container-content-bca6891e\" id=\"info-link\"><a href=\"https:\/\/junttu.com\/fi\/store\/kauppa-info\/\" data-type=\"page\" data-id=\"360\">Maksutavat, toimitusehdot ja tietosuoja<\/a>.<\/p>\n<\/div>\n","protected":false},"excerpt":{"rendered":"<p>T\u00e4m\u00e4 kauppa myy Juntun CD-levyj\u00e4 ja muita oheistuotteita.<\/p>\n","protected":false},"author":1,"featured_media":0,"parent":0,"menu_order":0,"comment_status":"closed","ping_status":"closed","template":"","meta":{"_locale":"fi","_original_post":"https:\/\/junttu.com\/?page_id=352","footnotes":""},"class_list":["post-362","page","type-page","status-publish","hentry","fi"],"_links":{"self":[{"href":"https:\/\/junttu.com\/wp-json\/wp\/v2\/pages\/362","targetHints":{"allow":["GET"]}}],"collection":[{"href":"https:\/\/junttu.com\/wp-json\/wp\/v2\/pages"}],"about":[{"href":"https:\/\/junttu.com\/wp-json\/wp\/v2\/types\/page"}],"author":[{"embeddable":true,"href":"https:\/\/junttu.com\/wp-json\/wp\/v2\/users\/1"}],"replies":[{"embeddable":true,"href":"https:\/\/junttu.com\/wp-json\/wp\/v2\/comments?post=362"}],"version-history":[{"count":0,"href":"https:\/\/junttu.com\/wp-json\/wp\/v2\/pages\/362\/revisions"}],"wp:attachment":[{"href":"https:\/\/junttu.com\/wp-json\/wp\/v2\/media?parent=362"}],"curies":[{"name":"wp","href":"https:\/\/api.w.org\/{rel}","templated":true}]}}