{"id":453,"date":"2025-09-04T11:14:49","date_gmt":"2025-09-04T08:14:49","guid":{"rendered":"https:\/\/junttu.com\/?page_id=453"},"modified":"2025-10-28T12:19:21","modified_gmt":"2025-10-28T10:19:21","slug":"kassa","status":"publish","type":"page","link":"https:\/\/junttu.com\/fi\/store\/kassa\/","title":{"rendered":"Kassa"},"content":{"rendered":"<div class=\"wpsc_shopping_cart_container\"><div class=\"wp_cart_empty_cart_section\">Ostokori on tyhj\u00e4<\/div><div class=\"wp_cart_visit_shop_link\"><a rel=\"nofollow\" href=\"https:\/\/junttu.com\/store\/\">Kauppaan<\/a><\/div><\/div>\n\n\n\n<p id=\"info-link\">Yli 40\u00a0\u20ac tilaukset sis\u00e4lt\u00e4v\u00e4t toimituskulut. <a href=\"https:\/\/junttu.com\/fi\/store\/kauppa-info\/\">Maksutavat, toimitusehdot ja tietosuoja<\/a>.<\/p>\n","protected":false},"excerpt":{"rendered":"<p>Yli 40\u00a0\u20ac tilaukset sis\u00e4lt\u00e4v\u00e4t toimituskulut. Maksutavat, toimitusehdot ja tietosuoja.<\/p>\n","protected":false},"author":1,"featured_media":0,"parent":362,"menu_order":0,"comment_status":"closed","ping_status":"closed","template":"","meta":{"_locale":"fi","_original_post":"https:\/\/junttu.com\/?page_id=453","footnotes":""},"class_list":["post-453","page","type-page","status-publish","hentry","fi"],"_links":{"self":[{"href":"https:\/\/junttu.com\/wp-json\/wp\/v2\/pages\/453","targetHints":{"allow":["GET"]}}],"collection":[{"href":"https:\/\/junttu.com\/wp-json\/wp\/v2\/pages"}],"about":[{"href":"https:\/\/junttu.com\/wp-json\/wp\/v2\/types\/page"}],"author":[{"embeddable":true,"href":"https:\/\/junttu.com\/wp-json\/wp\/v2\/users\/1"}],"replies":[{"embeddable":true,"href":"https:\/\/junttu.com\/wp-json\/wp\/v2\/comments?post=453"}],"version-history":[{"count":0,"href":"https:\/\/junttu.com\/wp-json\/wp\/v2\/pages\/453\/revisions"}],"up":[{"embeddable":true,"href":"https:\/\/junttu.com\/wp-json\/wp\/v2\/pages\/362"}],"wp:attachment":[{"href":"https:\/\/junttu.com\/wp-json\/wp\/v2\/media?parent=453"}],"curies":[{"name":"wp","href":"https:\/\/api.w.org\/{rel}","templated":true}]}}